{"id":16,"date":"2022-02-19T15:15:36","date_gmt":"2022-02-19T15:15:36","guid":{"rendered":"https:\/\/tendaslider.com.br\/?page_id=16"},"modified":"2022-02-21T14:21:25","modified_gmt":"2022-02-21T14:21:25","slug":"servicos","status":"publish","type":"page","link":"https:\/\/tendaslider.com.br\/index.php\/servicos\/","title":{"rendered":"Servi\u00e7os"},"content":{"rendered":"\n\t<section class=\"section\" id=\"section_926946934\">\n\t\t<div class=\"bg section-bg fill bg-fill  bg-loaded\" >\n\n\t\t\t\n\t\t\t\n\t\t\t\n\n\t\t<\/div>\n\n\t\t<div class=\"section-content relative\">\n\t\t\t\n\n\n  <div class=\"banner has-hover\" id=\"banner-696360858\">\n          <div class=\"banner-inner fill\">\n        <div class=\"banner-bg fill\" >\n            <div class=\"bg fill bg-fill \"><\/div>\n                                    \n                    <\/div>\n        <div class=\"banner-layers container\">\n            <div class=\"fill banner-link\"><\/div>            \n\n\n        <\/div>\n      <\/div>\n\n            \n<style scope=\"scope\">\n\n#banner-696360858 {\n  padding-top: 350px;\n}\n#banner-696360858 .bg.bg-loaded {\n  background-image: url(https:\/\/tendaslider.com.br\/wp-content\/uploads\/2022\/02\/banner-04-1024x260.jpg);\n}\n#banner-696360858 .bg {\n  background-position: 50% 57%;\n}\n\n\n@media (min-width:550px) {\n\n  #banner-696360858 {\n    padding-top: 500px;\n  }\n\n}\n<\/style>\n  <\/div>\n\n\n\n\t\t<\/div>\n\n\t\t\n<style scope=\"scope\">\n\n#section_926946934 {\n  padding-top: 0px;\n  padding-bottom: 0px;\n}\n<\/style>\n\t<\/section>\n\t\n<div class=\"container section-title-container\" ><h3 class=\"section-title section-title-normal\"><b><\/b><span class=\"section-title-main\" >servi\u00e7os<\/span><b><\/b><\/h3><\/div>\n\n\t<section class=\"section\" id=\"section_716858054\">\n\t\t<div class=\"bg section-bg fill bg-fill  bg-loaded\" >\n\n\t\t\t\n\t\t\t<div class=\"section-bg-overlay absolute fill\"><\/div>\n\t\t\t\n\t<div class=\"is-border\"\n\t\tstyle=\"border-color:rgb(235, 235, 235);border-width:1px 0px 0px 0px;\">\n\t<\/div>\n\n\t\t<\/div>\n\n\t\t<div class=\"section-content relative\">\n\t\t\t\n\n<div class=\"row row-large align-middle align-center\"  id=\"row-838355061\">\n\n\n\t<div class=\"col medium-6 small-12 large-6\"  >\n\t\t<div class=\"col-inner box-shadow-2 box-shadow-5-hover\" style=\"background-color:rgb(255, 255, 255);padding:15px 15px 15px 15px;\" >\n\t\t\t\n\t\t\t\n\n\t<div class=\"img has-hover x md-x lg-x y md-y lg-y\" id=\"image_886215875\">\n\t\t\t\t\t\t\t\t<div class=\"img-inner dark\" >\n\t\t\t<img loading=\"lazy\" decoding=\"async\" width=\"500\" height=\"375\" src=\"https:\/\/tendaslider.com.br\/wp-content\/uploads\/2022\/02\/10.jpg\" class=\"attachment-large size-large\" alt=\"\" srcset=\"https:\/\/tendaslider.com.br\/wp-content\/uploads\/2022\/02\/10.jpg 500w, https:\/\/tendaslider.com.br\/wp-content\/uploads\/2022\/02\/10-300x225.jpg 300w\" sizes=\"(max-width: 500px) 100vw, 500px\" \/>\t\t\t\t\t\t\n\t\t\t\t\t<\/div>\n\t\t\t\t\t\t\t\t\n<style scope=\"scope\">\n\n#image_886215875 {\n  width: 100%;\n}\n<\/style>\n\t<\/div>\n\t\n\n\n\t\t<\/div>\n\t<\/div>\n\n\t\n\n\t<div class=\"col medium-6 small-12 large-6\"  >\n\t\t<div class=\"col-inner text-center dark\"  >\n\t\t\t\n\t\t\t\n\n<h2>\u00a0Palcos<\/h2>\n<p>Nossos palcos s\u00e3o de pequeno e m\u00e9dio porte, sendo os mesmos em estrutura met\u00e1licas, com revestimento em<br \/>compensado naval, podendo ser montados em diversos tamanhos e preparados para suportarem grandes eventos<br \/>tais como shows, corais, palestras, inaugura\u00e7\u00f5es, nadas, apresenta\u00e7\u00f5es, etc<\/p>\n<a href=\"https:\/\/api.whatsapp.com\/send?phone=5519995593991\" target=\"_self\" class=\"button primary\"  >\n    <span>fale conosco<\/span>\n  <\/a>\n\n\n\n\t\t<\/div>\n\t<\/div>\n\n\t\n\n\n<style scope=\"scope\">\n\n<\/style>\n<\/div>\n\n\t\t<\/div>\n\n\t\t\n<style scope=\"scope\">\n\n#section_716858054 {\n  padding-top: 59px;\n  padding-bottom: 59px;\n  min-height: 300px;\n  background-color: rgb(171, 171, 171);\n}\n#section_716858054 .section-bg-overlay {\n  background-color: #3a4a9f;\n}\n<\/style>\n\t<\/section>\n\t\n\t<section class=\"section\" id=\"section_526827439\">\n\t\t<div class=\"bg section-bg fill bg-fill  bg-loaded\" >\n\n\t\t\t\n\t\t\t<div class=\"section-bg-overlay absolute fill\"><\/div>\n\t\t\t\n\t<div class=\"is-border\"\n\t\tstyle=\"border-color:rgb(235, 235, 235);border-width:1px 0px 0px 0px;\">\n\t<\/div>\n\n\t\t<\/div>\n\n\t\t<div class=\"section-content relative\">\n\t\t\t\n\n<div class=\"row row-large align-middle align-center\"  id=\"row-509493863\">\n\n\n\t<div class=\"col medium-6 small-12 large-6\"  >\n\t\t<div class=\"col-inner text-center dark\"  >\n\t\t\t\n\t\t\t\n\n<h2>Pista de Dan\u00e7a em Xadrez<\/h2>\n<h2>Torne seu evento mais elegante!<\/h2>\n<p>A <span style=\"font-size: 23.04px;\">Pista de Dan\u00e7a em Xadrez <\/span>\u00a0\u00e9 uma das melhores maneiras de incentivo e anima\u00e7\u00e3o para as pessoas nas festas e eventos al\u00e9m de compor na decora\u00e7\u00e3o do ambiente.<\/p>\n<p><\/p>\n<a href=\"https:\/\/api.whatsapp.com\/send?phone=5519995593991\" target=\"_self\" class=\"button primary\"  >\n    <span>fale conosco<\/span>\n  <\/a>\n\n\n\n\t\t<\/div>\n\t<\/div>\n\n\t\n\n\t<div class=\"col medium-6 small-12 large-6\"  >\n\t\t<div class=\"col-inner box-shadow-2 box-shadow-5-hover\" style=\"background-color:rgb(255, 255, 255);padding:15px 15px 15px 15px;\" >\n\t\t\t\n\t\t\t\n\n\t<div class=\"img has-hover x md-x lg-x y md-y lg-y\" id=\"image_1417462430\">\n\t\t\t\t\t\t\t\t<div class=\"img-inner dark\" >\n\t\t\t<img loading=\"lazy\" decoding=\"async\" width=\"500\" height=\"500\" src=\"https:\/\/tendaslider.com.br\/wp-content\/uploads\/2022\/02\/piscta-dancaxaddrex.jpg\" class=\"attachment-large size-large\" alt=\"\" srcset=\"https:\/\/tendaslider.com.br\/wp-content\/uploads\/2022\/02\/piscta-dancaxaddrex.jpg 500w, https:\/\/tendaslider.com.br\/wp-content\/uploads\/2022\/02\/piscta-dancaxaddrex-300x300.jpg 300w, https:\/\/tendaslider.com.br\/wp-content\/uploads\/2022\/02\/piscta-dancaxaddrex-150x150.jpg 150w\" sizes=\"(max-width: 500px) 100vw, 500px\" \/>\t\t\t\t\t\t\n\t\t\t\t\t<\/div>\n\t\t\t\t\t\t\t\t\n<style scope=\"scope\">\n\n#image_1417462430 {\n  width: 100%;\n}\n<\/style>\n\t<\/div>\n\t\n\n\n\t\t<\/div>\n\t<\/div>\n\n\t\n\n\n<style scope=\"scope\">\n\n<\/style>\n<\/div>\n\n\t\t<\/div>\n\n\t\t\n<style scope=\"scope\">\n\n#section_526827439 {\n  padding-top: 59px;\n  padding-bottom: 59px;\n  min-height: 300px;\n  background-color: rgb(171, 171, 171);\n}\n#section_526827439 .section-bg-overlay {\n  background-color: rgb(54, 59, 80);\n}\n<\/style>\n\t<\/section>\n\t\n\t<section class=\"section\" id=\"section_793211218\">\n\t\t<div class=\"bg section-bg fill bg-fill  bg-loaded\" >\n\n\t\t\t\n\t\t\t<div class=\"section-bg-overlay absolute fill\"><\/div>\n\t\t\t\n\t<div class=\"is-border\"\n\t\tstyle=\"border-color:rgb(235, 235, 235);border-width:1px 0px 0px 0px;\">\n\t<\/div>\n\n\t\t<\/div>\n\n\t\t<div class=\"section-content relative\">\n\t\t\t\n\n<div class=\"row row-large align-middle align-center\"  id=\"row-213833223\">\n\n\n\t<div class=\"col medium-6 small-12 large-6\"  >\n\t\t<div class=\"col-inner box-shadow-2 box-shadow-5-hover\" style=\"background-color:rgb(255, 255, 255);padding:15px 15px 15px 15px;\" >\n\t\t\t\n\t\t\t\n\n\t<div class=\"img has-hover x md-x lg-x y md-y lg-y\" id=\"image_79903915\">\n\t\t\t\t\t\t\t\t<div class=\"img-inner dark\" >\n\t\t\t<img loading=\"lazy\" decoding=\"async\" width=\"666\" height=\"444\" src=\"https:\/\/tendaslider.com.br\/wp-content\/uploads\/2022\/02\/passarelas.jpeg\" class=\"attachment-large size-large\" alt=\"\" srcset=\"https:\/\/tendaslider.com.br\/wp-content\/uploads\/2022\/02\/passarelas.jpeg 666w, https:\/\/tendaslider.com.br\/wp-content\/uploads\/2022\/02\/passarelas-300x200.jpeg 300w\" sizes=\"(max-width: 666px) 100vw, 666px\" \/>\t\t\t\t\t\t\n\t\t\t\t\t<\/div>\n\t\t\t\t\t\t\t\t\n<style scope=\"scope\">\n\n#image_79903915 {\n  width: 100%;\n}\n<\/style>\n\t<\/div>\n\t\n\n\n\t\t<\/div>\n\t<\/div>\n\n\t\n\n\t<div class=\"col medium-6 small-12 large-6\"  >\n\t\t<div class=\"col-inner text-center dark\"  >\n\t\t\t\n\t\t\t\n\n<h2>Passarelas<\/h2>\n<p>Possu\u00edmos passarelas em estruturas met\u00e1licas, com revestimento em compensado naval, que podem ser<br \/>montadas de diversos tamanhos e modos pois s\u00e3o compostas de m\u00f3dulos, que podem se adequar a diversos<br \/>espa\u00e7os ou ambientes, podendo os mesmos serem encarpetados, para um maior requinte em seu evento.<\/p>\n<a href=\"https:\/\/api.whatsapp.com\/send?phone=5519995593991\" target=\"_self\" class=\"button primary\"  >\n    <span>fale conosco<\/span>\n  <\/a>\n\n\n\n\t\t<\/div>\n\t<\/div>\n\n\t\n\n\n<style scope=\"scope\">\n\n<\/style>\n<\/div>\n\n\t\t<\/div>\n\n\t\t\n<style scope=\"scope\">\n\n#section_793211218 {\n  padding-top: 59px;\n  padding-bottom: 59px;\n  min-height: 300px;\n  background-color: rgb(171, 171, 171);\n}\n#section_793211218 .section-bg-overlay {\n  background-color: #3a4a9f;\n}\n<\/style>\n\t<\/section>\n\t\n\t<section class=\"section\" id=\"section_1604420560\">\n\t\t<div class=\"bg section-bg fill bg-fill  bg-loaded\" >\n\n\t\t\t\n\t\t\t<div class=\"section-bg-overlay absolute fill\"><\/div>\n\t\t\t\n\t<div class=\"is-border\"\n\t\tstyle=\"border-color:rgb(235, 235, 235);border-width:1px 0px 0px 0px;\">\n\t<\/div>\n\n\t\t<\/div>\n\n\t\t<div class=\"section-content relative\">\n\t\t\t\n\n<div class=\"row row-large align-middle align-center\"  id=\"row-1052772863\">\n\n\n\t<div class=\"col medium-6 small-12 large-6\"  >\n\t\t<div class=\"col-inner text-center dark\"  >\n\t\t\t\n\t\t\t\n\n<h2>Grades<\/h2>\n<p>As grades de conten\u00e7\u00e3o s\u00e3o confeccionadas em estrutura de a\u00e7o de alta resist\u00eancia, todas em tubos, com os<br \/>cantos das mesmas sem pontas, para uma melhor seguran\u00e7a no seu uso, suportando grande press\u00e3o, sendo as<br \/>mesmas galvanizadas, podendo ser usadas em eventos p\u00fablicos e privados tais como para organizar filas, separar<br \/>ambientes, delimitar espa\u00e7os, interditar ruas, desfiles, corridas, etc.<\/p><\/p>\n<a href=\"https:\/\/api.whatsapp.com\/send?phone=5519995593991\" target=\"_self\" class=\"button primary\"  >\n    <span>fale conosco<\/span>\n  <\/a>\n\n\n\n\t\t<\/div>\n\t<\/div>\n\n\t\n\n\t<div class=\"col medium-6 small-12 large-6\"  >\n\t\t<div class=\"col-inner box-shadow-2 box-shadow-5-hover\" style=\"background-color:rgb(255, 255, 255);padding:15px 15px 15px 15px;\" >\n\t\t\t\n\t\t\t\n\n\t<div class=\"img has-hover x md-x lg-x y md-y lg-y\" id=\"image_24084537\">\n\t\t\t\t\t\t\t\t<div class=\"img-inner dark\" >\n\t\t\t<img loading=\"lazy\" decoding=\"async\" width=\"800\" height=\"450\" src=\"https:\/\/tendaslider.com.br\/wp-content\/uploads\/2022\/02\/grades2.jpg\" class=\"attachment-large size-large\" alt=\"\" srcset=\"https:\/\/tendaslider.com.br\/wp-content\/uploads\/2022\/02\/grades2.jpg 800w, https:\/\/tendaslider.com.br\/wp-content\/uploads\/2022\/02\/grades2-300x169.jpg 300w, https:\/\/tendaslider.com.br\/wp-content\/uploads\/2022\/02\/grades2-768x432.jpg 768w\" sizes=\"(max-width: 800px) 100vw, 800px\" \/>\t\t\t\t\t\t\n\t\t\t\t\t<\/div>\n\t\t\t\t\t\t\t\t\n<style scope=\"scope\">\n\n#image_24084537 {\n  width: 100%;\n}\n<\/style>\n\t<\/div>\n\t\n\n\n\t\t<\/div>\n\t<\/div>\n\n\t\n\n\n<style scope=\"scope\">\n\n<\/style>\n<\/div>\n\n\t\t<\/div>\n\n\t\t\n<style scope=\"scope\">\n\n#section_1604420560 {\n  padding-top: 59px;\n  padding-bottom: 59px;\n  min-height: 300px;\n  background-color: rgb(171, 171, 171);\n}\n#section_1604420560 .section-bg-overlay {\n  background-color: rgb(54, 59, 80);\n}\n<\/style>\n\t<\/section>\n\t\n\n","protected":false},"excerpt":{"rendered":"","protected":false},"author":1,"featured_media":0,"parent":0,"menu_order":0,"comment_status":"closed","ping_status":"closed","template":"page-blank.php","meta":{"footnotes":""},"_links":{"self":[{"href":"https:\/\/tendaslider.com.br\/index.php\/wp-json\/wp\/v2\/pages\/16"}],"collection":[{"href":"https:\/\/tendaslider.com.br\/index.php\/wp-json\/wp\/v2\/pages"}],"about":[{"href":"https:\/\/tendaslider.com.br\/index.php\/wp-json\/wp\/v2\/types\/page"}],"author":[{"embeddable":true,"href":"https:\/\/tendaslider.com.br\/index.php\/wp-json\/wp\/v2\/users\/1"}],"replies":[{"embeddable":true,"href":"https:\/\/tendaslider.com.br\/index.php\/wp-json\/wp\/v2\/comments?post=16"}],"version-history":[{"count":18,"href":"https:\/\/tendaslider.com.br\/index.php\/wp-json\/wp\/v2\/pages\/16\/revisions"}],"predecessor-version":[{"id":140,"href":"https:\/\/tendaslider.com.br\/index.php\/wp-json\/wp\/v2\/pages\/16\/revisions\/140"}],"wp:attachment":[{"href":"https:\/\/tendaslider.com.br\/index.php\/wp-json\/wp\/v2\/media?parent=16"}],"curies":[{"name":"wp","href":"https:\/\/api.w.org\/{rel}","templated":true}]}}